{"id":274,"date":"2021-10-13T09:44:19","date_gmt":"2021-10-13T07:44:19","guid":{"rendered":"https:\/\/www.lizi-immobilier.com\/?page_id=274"},"modified":"2021-10-13T10:12:07","modified_gmt":"2021-10-13T08:12:07","slug":"riviera-golf","status":"publish","type":"page","link":"https:\/\/www.lizi-immobilier.com\/en\/riviera-golf\/","title":{"rendered":"Riviera Golf"},"content":{"rendered":"<div data-elementor-type=\"wp-page\" data-elementor-id=\"274\" class=\"elementor elementor-274\" data-elementor-settings=\"[]\">\n\t\t\t\t\t\t\t<div class=\"elementor-section-wrap\">\n\t\t\t\t\t\t\t<section class=\"elementor-section elementor-top-section elementor-element elementor-element-4dbb16f elementor-section-stretched elementor-reverse-tablet elementor-section-boxed elementor-section-height-default elementor-section-height-default\" data-id=\"4dbb16f\" data-element_type=\"section\" data-settings=\"{&quot;stretch_section&quot;:&quot;section-stretched&quot;,&quot;background_background&quot;:&quot;classic&quot;}\">\n\t\t\t\t\t\t\t<div class=\"elementor-background-overlay\"><\/div>\n\t\t\t\t\t\t\t<div class=\"elementor-container elementor-column-gap-default\">\n\t\t\t\t\t<div class=\"elementor-column elementor-col-50 elementor-top-column elementor-element elementor-element-580e64df\" data-id=\"580e64df\" data-element_type=\"column\">\n\t\t\t<div class=\"elementor-widget-wrap elementor-element-populated\">\n\t\t\t\t\t\t\t\t<section class=\"elementor-section elementor-inner-section elementor-element elementor-element-3f304331 elementor-section-boxed elementor-section-height-default elementor-section-height-default\" data-id=\"3f304331\" data-element_type=\"section\">\n\t\t\t\t\t\t<div class=\"elementor-container elementor-column-gap-no\">\n\t\t\t\t\t<div class=\"elementor-column elementor-col-50 elementor-inner-column elementor-element elementor-element-762e2403 elementor-invisible\" data-id=\"762e2403\" data-element_type=\"column\" data-settings=\"{&quot;animation&quot;:&quot;fadeInLeft&quot;}\">\n\t\t\t<div class=\"elementor-widget-wrap elementor-element-populated\">\n\t\t\t\t\t\t\t\t<div class=\"elementor-element elementor-element-3453c624 elementor-widget-divider--view-line elementor-invisible elementor-widget elementor-widget-divider\" data-id=\"3453c624\" data-element_type=\"widget\" data-settings=\"{&quot;_animation&quot;:&quot;fadeInLeft&quot;}\" data-widget_type=\"divider.default\">\n\t\t\t\t<div class=\"elementor-widget-container\">\n\t\t\t\t\t<div class=\"elementor-divider\">\n\t\t\t<span class=\"elementor-divider-separator\">\n\t\t\t\t\t\t<\/span>\n\t\t<\/div>\n\t\t\t\t<\/div>\n\t\t\t\t<\/div>\n\t\t\t\t\t<\/div>\n\t\t<\/div>\n\t\t\t\t<div class=\"elementor-column elementor-col-50 elementor-inner-column elementor-element elementor-element-6856b1a\" data-id=\"6856b1a\" data-element_type=\"column\">\n\t\t\t<div class=\"elementor-widget-wrap elementor-element-populated\">\n\t\t\t\t\t\t\t\t<div class=\"elementor-element elementor-element-2eab9fff animated-fast elementor-invisible elementor-widget elementor-widget-heading\" data-id=\"2eab9fff\" data-element_type=\"widget\" data-settings=\"{&quot;_animation&quot;:&quot;fadeInUp&quot;}\" data-widget_type=\"heading.default\">\n\t\t\t\t<div class=\"elementor-widget-container\">\n\t\t\t<h3 class=\"elementor-heading-title elementor-size-default\">Services<\/h3>\t\t<\/div>\n\t\t\t\t<\/div>\n\t\t\t\t\t<\/div>\n\t\t<\/div>\n\t\t\t\t\t\t\t<\/div>\n\t\t<\/section>\n\t\t\t\t<div class=\"elementor-element elementor-element-39d4b9da elementor-invisible elementor-widget elementor-widget-heading\" data-id=\"39d4b9da\" data-element_type=\"widget\" data-settings=\"{&quot;_animation&quot;:&quot;fadeIn&quot;}\" data-widget_type=\"heading.default\">\n\t\t\t\t<div class=\"elementor-widget-container\">\n\t\t\t<h2 class=\"elementor-heading-title elementor-size-default\">4 rooms Rivi\u00e8ra Golf Ellias<\/h2>\t\t<\/div>\n\t\t\t\t<\/div>\n\t\t\t\t<div class=\"elementor-element elementor-element-55787f3d elementor-widget elementor-widget-spacer\" data-id=\"55787f3d\" data-element_type=\"widget\" data-widget_type=\"spacer.default\">\n\t\t\t\t<div class=\"elementor-widget-container\">\n\t\t\t\t\t<div class=\"elementor-spacer\">\n\t\t\t<div class=\"elementor-spacer-inner\"><\/div>\n\t\t<\/div>\n\t\t\t\t<\/div>\n\t\t\t\t<\/div>\n\t\t\t\t\t<\/div>\n\t\t<\/div>\n\t\t\t\t<div class=\"elementor-column elementor-col-50 elementor-top-column elementor-element elementor-element-1cdd2329\" data-id=\"1cdd2329\" data-element_type=\"column\">\n\t\t\t<div class=\"elementor-widget-wrap elementor-element-populated\">\n\t\t\t\t\t\t\t\t<section class=\"elementor-section elementor-inner-section elementor-element elementor-element-5d366c0e elementor-section-boxed elementor-section-height-default elementor-section-height-default\" data-id=\"5d366c0e\" data-element_type=\"section\">\n\t\t\t\t\t\t<div class=\"elementor-container elementor-column-gap-default\">\n\t\t\t\t\t<div class=\"elementor-column elementor-col-50 elementor-inner-column elementor-element elementor-element-1cac4219\" data-id=\"1cac4219\" data-element_type=\"column\">\n\t\t\t<div class=\"elementor-widget-wrap elementor-element-populated\">\n\t\t\t\t\t\t\t\t<div class=\"elementor-element elementor-element-34cce176 elementor-mobile-align-center elementor-align-right elementor-invisible elementor-widget elementor-widget-button\" data-id=\"34cce176\" data-element_type=\"widget\" data-settings=\"{&quot;_animation&quot;:&quot;fadeInUp&quot;}\" data-widget_type=\"button.default\">\n\t\t\t\t<div class=\"elementor-widget-container\">\n\t\t\t\t\t<div class=\"elementor-button-wrapper\">\n\t\t\t<a href=\"#\" class=\"elementor-button-link elementor-button elementor-size-md\" role=\"button\">\n\t\t\t\t\t\t<span class=\"elementor-button-content-wrapper\">\n\t\t\t\t\t\t<span class=\"elementor-button-icon elementor-align-icon-right\">\n\t\t\t\t<i aria-hidden=\"true\" class=\"fas fa-long-arrow-alt-right\"><\/i>\t\t\t<\/span>\n\t\t\t\t\t\t<span class=\"elementor-button-text\">CONTACT US<\/span>\n\t\t<\/span>\n\t\t\t\t\t<\/a>\n\t\t<\/div>\n\t\t\t\t<\/div>\n\t\t\t\t<\/div>\n\t\t\t\t\t<\/div>\n\t\t<\/div>\n\t\t\t\t<div class=\"elementor-column elementor-col-50 elementor-inner-column elementor-element elementor-element-663c8786\" data-id=\"663c8786\" data-element_type=\"column\">\n\t\t\t<div class=\"elementor-widget-wrap elementor-element-populated\">\n\t\t\t\t\t\t\t\t<div class=\"elementor-element elementor-element-61040e80 elementor-view-default elementor-invisible elementor-widget elementor-widget-icon\" data-id=\"61040e80\" data-element_type=\"widget\" data-settings=\"{&quot;_animation&quot;:&quot;bounceIn&quot;}\" data-widget_type=\"icon.default\">\n\t\t\t\t<div class=\"elementor-widget-container\">\n\t\t\t\t\t<div class=\"elementor-icon-wrapper\">\n\t\t\t<div class=\"elementor-icon\">\n\t\t\t<i aria-hidden=\"true\" class=\"fas fa-circle\"><\/i>\t\t\t<\/div>\n\t\t<\/div>\n\t\t\t\t<\/div>\n\t\t\t\t<\/div>\n\t\t\t\t\t<\/div>\n\t\t<\/div>\n\t\t\t\t\t\t\t<\/div>\n\t\t<\/section>\n\t\t\t\t\t<\/div>\n\t\t<\/div>\n\t\t\t\t\t\t\t<\/div>\n\t\t<\/section>\n\t\t\t\t<section class=\"elementor-section elementor-top-section elementor-element elementor-element-15e41ca8 elementor-section-height-min-height elementor-section-boxed elementor-section-height-default elementor-section-items-middle elementor-invisible\" data-id=\"15e41ca8\" data-element_type=\"section\" data-settings=\"{&quot;background_background&quot;:&quot;classic&quot;,&quot;animation&quot;:&quot;fadeInUp&quot;}\">\n\t\t\t\t\t\t<div class=\"elementor-container elementor-column-gap-default\">\n\t\t\t\t\t<div class=\"elementor-column elementor-col-100 elementor-top-column elementor-element elementor-element-4574e55 elementor-invisible\" data-id=\"4574e55\" data-element_type=\"column\" data-settings=\"{&quot;animation&quot;:&quot;slideInUp&quot;,&quot;animation_delay&quot;:700}\">\n\t\t\t<div class=\"elementor-widget-wrap elementor-element-populated\">\n\t\t\t\t\t\t\t\t<div class=\"elementor-element elementor-element-7a75a805 elementor-invisible elementor-widget elementor-widget-heading\" data-id=\"7a75a805\" data-element_type=\"widget\" data-settings=\"{&quot;_animation&quot;:&quot;fadeIn&quot;}\" data-widget_type=\"heading.default\">\n\t\t\t\t<div class=\"elementor-widget-container\">\n\t\t\t<h3 class=\"elementor-heading-title elementor-size-default\">4 rooms Rivi\u00e8ra Golf Ellias<\/h3>\t\t<\/div>\n\t\t\t\t<\/div>\n\t\t\t\t<div class=\"elementor-element elementor-element-101923e0 elementor-widget elementor-widget-spacer\" data-id=\"101923e0\" data-element_type=\"widget\" data-widget_type=\"spacer.default\">\n\t\t\t\t<div class=\"elementor-widget-container\">\n\t\t\t\t\t<div class=\"elementor-spacer\">\n\t\t\t<div class=\"elementor-spacer-inner\"><\/div>\n\t\t<\/div>\n\t\t\t\t<\/div>\n\t\t\t\t<\/div>\n\t\t\t\t<div class=\"elementor-element elementor-element-7c79f34d elementor-invisible elementor-widget elementor-widget-text-editor\" data-id=\"7c79f34d\" data-element_type=\"widget\" data-settings=\"{&quot;_animation&quot;:&quot;fadeIn&quot;}\" data-widget_type=\"text-editor.default\">\n\t\t\t\t<div class=\"elementor-widget-container\">\n\t\t\t\t\t\t\t<ul><li>Very modern, pleasant setting.<\/li><li>3 independent bedrooms living room<\/li><\/ul><div class=\"sub-title primary\"><strong>100.000 FCFA<\/strong>\u00a0OVERNIGHT STAY<\/div><h5>For more info, please contact us!<\/h5>\t\t\t\t\t\t<\/div>\n\t\t\t\t<\/div>\n\t\t\t\t<div class=\"elementor-element elementor-element-4074fe51 elementor-mobile-align-center elementor-align-left elementor-invisible elementor-widget elementor-widget-button\" data-id=\"4074fe51\" data-element_type=\"widget\" data-settings=\"{&quot;_animation&quot;:&quot;fadeInUp&quot;}\" data-widget_type=\"button.default\">\n\t\t\t\t<div class=\"elementor-widget-container\">\n\t\t\t\t\t<div class=\"elementor-button-wrapper\">\n\t\t\t<a class=\"elementor-button elementor-size-md\" role=\"button\">\n\t\t\t\t\t\t<span class=\"elementor-button-content-wrapper\">\n\t\t\t\t\t\t<span class=\"elementor-button-icon elementor-align-icon-left\">\n\t\t\t\t<i aria-hidden=\"true\" class=\"fas fa-play-circle\"><\/i>\t\t\t<\/span>\n\t\t\t\t\t\t<span class=\"elementor-button-text\">CONTACT US<\/span>\n\t\t<\/span>\n\t\t\t\t\t<\/a>\n\t\t<\/div>\n\t\t\t\t<\/div>\n\t\t\t\t<\/div>\n\t\t\t\t\t<\/div>\n\t\t<\/div>\n\t\t\t\t\t\t\t<\/div>\n\t\t<\/section>\n\t\t\t\t<section class=\"elementor-section elementor-top-section elementor-element elementor-element-3f7ad635 elementor-section-stretched elementor-section-boxed elementor-section-height-default elementor-section-height-default\" data-id=\"3f7ad635\" data-element_type=\"section\" data-settings=\"{&quot;stretch_section&quot;:&quot;section-stretched&quot;,&quot;background_background&quot;:&quot;classic&quot;}\">\n\t\t\t\t\t\t<div class=\"elementor-container elementor-column-gap-default\">\n\t\t\t\t\t<div class=\"elementor-column elementor-col-100 elementor-top-column elementor-element elementor-element-49f938a0\" data-id=\"49f938a0\" data-element_type=\"column\">\n\t\t\t<div class=\"elementor-widget-wrap elementor-element-populated\">\n\t\t\t\t\t\t\t\t<section class=\"elementor-section elementor-inner-section elementor-element elementor-element-5f352b3a elementor-section-full_width elementor-section-height-default elementor-section-height-default\" data-id=\"5f352b3a\" data-element_type=\"section\">\n\t\t\t\t\t\t<div class=\"elementor-container elementor-column-gap-default\">\n\t\t\t\t\t<div class=\"elementor-column elementor-col-33 elementor-inner-column elementor-element elementor-element-1a033931\" data-id=\"1a033931\" data-element_type=\"column\">\n\t\t\t<div class=\"elementor-widget-wrap elementor-element-populated\">\n\t\t\t\t\t\t\t\t<div class=\"elementor-element elementor-element-3a372467 elementor-widget elementor-widget-image\" data-id=\"3a372467\" data-element_type=\"widget\" data-widget_type=\"image.default\">\n\t\t\t\t<div class=\"elementor-widget-container\">\n\t\t\t\t\t\t\t\t\t\t\t\t\t\t\t\t<a href=\"https:\/\/www.lizi-immobilier.com\/wp-content\/uploads\/2021\/10\/IMG-20210730-WA0080.jpg\" data-elementor-open-lightbox=\"yes\" data-elementor-lightbox-title=\"IMG-20210730-WA0080\">\n\t\t\t\t\t\t\t<img src=\"https:\/\/www.lizi-immobilier.com\/wp-content\/uploads\/elementor\/thumbs\/IMG-20210730-WA0080-pesvuo87jvoaaoi676vcxhfz9gnc2e81fc8jsf14s0.jpg\" title=\"IMG-20210730-WA0080\" alt=\"IMG-20210730-WA0080\" class=\"elementor-animation-grow\" \/>\t\t\t\t\t\t\t\t<\/a>\n\t\t\t\t\t\t\t\t\t\t\t\t\t\t\t<\/div>\n\t\t\t\t<\/div>\n\t\t\t\t\t<\/div>\n\t\t<\/div>\n\t\t\t\t<div class=\"elementor-column elementor-col-33 elementor-inner-column elementor-element elementor-element-3321b6b7\" data-id=\"3321b6b7\" data-element_type=\"column\">\n\t\t\t<div class=\"elementor-widget-wrap elementor-element-populated\">\n\t\t\t\t\t\t\t\t<div class=\"elementor-element elementor-element-63215320 elementor-widget elementor-widget-image\" data-id=\"63215320\" data-element_type=\"widget\" data-widget_type=\"image.default\">\n\t\t\t\t<div class=\"elementor-widget-container\">\n\t\t\t\t\t\t\t\t\t\t\t\t\t\t\t\t<a href=\"https:\/\/www.lizi-immobilier.com\/wp-content\/uploads\/2021\/10\/IMG-20210730-WA0079.jpg\" data-elementor-open-lightbox=\"yes\" data-elementor-lightbox-title=\"IMG-20210730-WA0079\">\n\t\t\t\t\t\t\t<img src=\"https:\/\/www.lizi-immobilier.com\/wp-content\/uploads\/elementor\/thumbs\/IMG-20210730-WA0079-pesvuo87jvoaaoi676vcxhfz9gnc2e81fc8jsf14s0.jpg\" title=\"IMG-20210730-WA0079\" alt=\"IMG-20210730-WA0079\" class=\"elementor-animation-grow\" \/>\t\t\t\t\t\t\t\t<\/a>\n\t\t\t\t\t\t\t\t\t\t\t\t\t\t\t<\/div>\n\t\t\t\t<\/div>\n\t\t\t\t\t<\/div>\n\t\t<\/div>\n\t\t\t\t<div class=\"elementor-column elementor-col-33 elementor-inner-column elementor-element elementor-element-3e9b8841\" data-id=\"3e9b8841\" data-element_type=\"column\">\n\t\t\t<div class=\"elementor-widget-wrap elementor-element-populated\">\n\t\t\t\t\t\t\t\t<div class=\"elementor-element elementor-element-765102aa elementor-widget elementor-widget-image\" data-id=\"765102aa\" data-element_type=\"widget\" data-widget_type=\"image.default\">\n\t\t\t\t<div class=\"elementor-widget-container\">\n\t\t\t\t\t\t\t\t\t\t\t\t\t\t\t\t<a href=\"https:\/\/www.lizi-immobilier.com\/wp-content\/uploads\/2021\/10\/IMG-20210730-WA0078-1.jpg\" data-elementor-open-lightbox=\"yes\" data-elementor-lightbox-title=\"IMG-20210730-WA0078\">\n\t\t\t\t\t\t\t<img src=\"https:\/\/www.lizi-immobilier.com\/wp-content\/uploads\/elementor\/thumbs\/IMG-20210730-WA0078-1-pesvuo87jvoaaoi676vcxhfz9gnc2e81fc8jsf14s0.jpg\" title=\"IMG-20210730-WA0078\" alt=\"IMG-20210730-WA0078\" class=\"elementor-animation-grow\" \/>\t\t\t\t\t\t\t\t<\/a>\n\t\t\t\t\t\t\t\t\t\t\t\t\t\t\t<\/div>\n\t\t\t\t<\/div>\n\t\t\t\t\t<\/div>\n\t\t<\/div>\n\t\t\t\t\t\t\t<\/div>\n\t\t<\/section>\n\t\t\t\t<section class=\"elementor-section elementor-inner-section elementor-element elementor-element-636787da elementor-section-full_width elementor-section-height-default elementor-section-height-default\" data-id=\"636787da\" data-element_type=\"section\">\n\t\t\t\t\t\t<div class=\"elementor-container elementor-column-gap-default\">\n\t\t\t\t\t<div class=\"elementor-column elementor-col-33 elementor-inner-column elementor-element elementor-element-78505e02\" data-id=\"78505e02\" data-element_type=\"column\">\n\t\t\t<div class=\"elementor-widget-wrap elementor-element-populated\">\n\t\t\t\t\t\t\t\t<div class=\"elementor-element elementor-element-6c7d323d elementor-widget elementor-widget-image\" data-id=\"6c7d323d\" data-element_type=\"widget\" data-widget_type=\"image.default\">\n\t\t\t\t<div class=\"elementor-widget-container\">\n\t\t\t\t\t\t\t\t\t\t\t\t\t\t\t\t<a href=\"https:\/\/www.lizi-immobilier.com\/wp-content\/uploads\/2021\/10\/IMG-20210730-WA0075.jpg\" data-elementor-open-lightbox=\"yes\" data-elementor-lightbox-title=\"IMG-20210730-WA0075\">\n\t\t\t\t\t\t\t<img src=\"https:\/\/www.lizi-immobilier.com\/wp-content\/uploads\/elementor\/thumbs\/IMG-20210730-WA0075-pesvuo87jvoaaoi676vcxhfz9gnc2e81fc8jsf14s0.jpg\" title=\"IMG-20210730-WA0075\" alt=\"IMG-20210730-WA0075\" class=\"elementor-animation-grow\" \/>\t\t\t\t\t\t\t\t<\/a>\n\t\t\t\t\t\t\t\t\t\t\t\t\t\t\t<\/div>\n\t\t\t\t<\/div>\n\t\t\t\t\t<\/div>\n\t\t<\/div>\n\t\t\t\t<div class=\"elementor-column elementor-col-33 elementor-inner-column elementor-element elementor-element-794872aa\" data-id=\"794872aa\" data-element_type=\"column\">\n\t\t\t<div class=\"elementor-widget-wrap elementor-element-populated\">\n\t\t\t\t\t\t\t\t<div class=\"elementor-element elementor-element-4a4c2f12 elementor-widget elementor-widget-image\" data-id=\"4a4c2f12\" data-element_type=\"widget\" data-widget_type=\"image.default\">\n\t\t\t\t<div class=\"elementor-widget-container\">\n\t\t\t\t\t\t\t\t\t\t\t\t\t\t\t\t<a href=\"https:\/\/www.lizi-immobilier.com\/wp-content\/uploads\/2021\/10\/IMG-20210730-WA0072.jpg\" data-elementor-open-lightbox=\"yes\" data-elementor-lightbox-title=\"IMG-20210730-WA0072\">\n\t\t\t\t\t\t\t<img src=\"https:\/\/www.lizi-immobilier.com\/wp-content\/uploads\/elementor\/thumbs\/IMG-20210730-WA0072-pesvuo87jvoaaoi676vcxhfz9gnc2e81fc8jsf14s0.jpg\" title=\"IMG-20210730-WA0072\" alt=\"IMG-20210730-WA0072\" class=\"elementor-animation-grow\" \/>\t\t\t\t\t\t\t\t<\/a>\n\t\t\t\t\t\t\t\t\t\t\t\t\t\t\t<\/div>\n\t\t\t\t<\/div>\n\t\t\t\t\t<\/div>\n\t\t<\/div>\n\t\t\t\t<div class=\"elementor-column elementor-col-33 elementor-inner-column elementor-element elementor-element-bb3b9f8\" data-id=\"bb3b9f8\" data-element_type=\"column\">\n\t\t\t<div class=\"elementor-widget-wrap elementor-element-populated\">\n\t\t\t\t\t\t\t\t<div class=\"elementor-element elementor-element-3132be00 elementor-widget elementor-widget-image\" data-id=\"3132be00\" data-element_type=\"widget\" data-widget_type=\"image.default\">\n\t\t\t\t<div class=\"elementor-widget-container\">\n\t\t\t\t\t\t\t\t\t\t\t\t\t\t\t\t<a href=\"https:\/\/www.lizi-immobilier.com\/wp-content\/uploads\/2021\/10\/IMG-20210730-WA0069.jpg\" data-elementor-open-lightbox=\"yes\" data-elementor-lightbox-title=\"IMG-20210730-WA0069\">\n\t\t\t\t\t\t\t<img src=\"https:\/\/www.lizi-immobilier.com\/wp-content\/uploads\/elementor\/thumbs\/IMG-20210730-WA0069-pesvuo87jvoaaoi676vcxhfz9gnc2e81fc8jsf14s0.jpg\" title=\"IMG-20210730-WA0069\" alt=\"IMG-20210730-WA0069\" class=\"elementor-animation-grow\" \/>\t\t\t\t\t\t\t\t<\/a>\n\t\t\t\t\t\t\t\t\t\t\t\t\t\t\t<\/div>\n\t\t\t\t<\/div>\n\t\t\t\t\t<\/div>\n\t\t<\/div>\n\t\t\t\t\t\t\t<\/div>\n\t\t<\/section>\n\t\t\t\t\t<\/div>\n\t\t<\/div>\n\t\t\t\t\t\t\t<\/div>\n\t\t<\/section>\n\t\t\t\t\t\t<\/div>\n\t\t\t\t\t<\/div>","protected":false},"excerpt":{"rendered":"<p>Services 4 pi\u00e8ces Riviera Golf les Ellias Nous contacter 4 pi\u00e8ces Rivi\u00e8ra Golf les Ellias Cadre tr\u00e8s moderne, agr\u00e9able. 3 chambres autonomes salon 100.000 FCFA\u00a0LA NUIT\u00c9E Pour plus d\u2019info, veuillez nous contacter ! Nous contacter<\/p>","protected":false},"author":1,"featured_media":0,"parent":0,"menu_order":0,"comment_status":"closed","ping_status":"closed","template":"","meta":[],"_links":{"self":[{"href":"https:\/\/www.lizi-immobilier.com\/en\/wp-json\/wp\/v2\/pages\/274"}],"collection":[{"href":"https:\/\/www.lizi-immobilier.com\/en\/wp-json\/wp\/v2\/pages"}],"about":[{"href":"https:\/\/www.lizi-immobilier.com\/en\/wp-json\/wp\/v2\/types\/page"}],"author":[{"embeddable":true,"href":"https:\/\/www.lizi-immobilier.com\/en\/wp-json\/wp\/v2\/users\/1"}],"replies":[{"embeddable":true,"href":"https:\/\/www.lizi-immobilier.com\/en\/wp-json\/wp\/v2\/comments?post=274"}],"version-history":[{"count":4,"href":"https:\/\/www.lizi-immobilier.com\/en\/wp-json\/wp\/v2\/pages\/274\/revisions"}],"predecessor-version":[{"id":303,"href":"https:\/\/www.lizi-immobilier.com\/en\/wp-json\/wp\/v2\/pages\/274\/revisions\/303"}],"wp:attachment":[{"href":"https:\/\/www.lizi-immobilier.com\/en\/wp-json\/wp\/v2\/media?parent=274"}],"curies":[{"name":"wp","href":"https:\/\/api.w.org\/{rel}","templated":true}]}}